{"id":1410,"date":"2022-03-24T19:16:41","date_gmt":"2022-03-24T18:16:41","guid":{"rendered":"https:\/\/jane-ansambl.hr\/?page_id=1410"},"modified":"2022-03-30T08:20:57","modified_gmt":"2022-03-30T07:20:57","slug":"jane-2006","status":"publish","type":"page","link":"https:\/\/jane-ansambl.hr\/en\/jane-2006\/","title":{"rendered":"Jane 2006"},"content":{"rendered":"<div data-elementor-type=\"wp-page\" data-elementor-id=\"1410\" class=\"elementor elementor-1410\" data-elementor-settings=\"{&quot;ha_cmc_init_switcher&quot;:&quot;no&quot;}\">\n\t\t\t\t\t\t<section class=\"elementor-section elementor-top-section elementor-element elementor-element-90d3272 elementor-section-boxed elementor-section-height-default elementor-section-height-default\" data-id=\"90d3272\" data-element_type=\"section\" data-e-type=\"section\" data-settings=\"{&quot;_ha_eqh_enable&quot;:false}\">\n\t\t\t\t\t\t<div class=\"elementor-container elementor-column-gap-default\">\n\t\t\t\t\t<div class=\"elementor-column elementor-col-100 elementor-top-column elementor-element elementor-element-5785f5e\" data-id=\"5785f5e\" data-element_type=\"column\" data-e-type=\"column\">\n\t\t\t<div class=\"elementor-widget-wrap elementor-element-populated\">\n\t\t\t\t\t\t<div class=\"elementor-element elementor-element-2b9101d gallery-spacing-custom elementor-widget elementor-widget-image-gallery\" data-id=\"2b9101d\" data-element_type=\"widget\" data-e-type=\"widget\" data-widget_type=\"image-gallery.default\">\n\t\t\t\t<div class=\"elementor-widget-container\">\n\t\t\t\t\t\t\t<div class=\"elementor-image-gallery\">\n\t\t\t<div id='gallery-1' class='gallery galleryid-1410 gallery-columns-8 gallery-size-thumbnail'><figure class='gallery-item'>\n\t\t\t<div class='gallery-icon landscape'>\n\t\t\t\t<a data-elementor-open-lightbox=\"yes\" data-elementor-lightbox-slideshow=\"2b9101d\" data-elementor-lightbox-title=\"Llangollen \/ Wales (UK) 2006\" data-e-action-hash=\"#elementor-action%3Aaction%3Dlightbox%26settings%3DeyJpZCI6ODIwLCJ1cmwiOiJodHRwczpcL1wvamFuZS1hbnNhbWJsLmhyXC93cC1jb250ZW50XC91cGxvYWRzXC8yMDIxXC8xMFwvSkFORS1XYWxlc18xNjAweDEyMDAuanBnIiwic2xpZGVzaG93IjoiMmI5MTAxZCJ9\" href='https:\/\/jane-ansambl.hr\/wp-content\/uploads\/2021\/10\/JANE-Wales_1600x1200.jpg'><img decoding=\"async\" width=\"150\" height=\"150\" src=\"https:\/\/jane-ansambl.hr\/wp-content\/uploads\/2021\/10\/JANE-Wales_1600x1200-150x150.jpg\" class=\"attachment-thumbnail size-thumbnail\" alt=\"\" aria-describedby=\"gallery-1-820\" \/><\/a>\n\t\t\t<\/div>\n\t\t\t\t<figcaption class='wp-caption-text gallery-caption' id='gallery-1-820'>\n\t\t\t\tLlangollen \/ Wales (UK)\n\t\t\t\t<\/figcaption><\/figure><figure class='gallery-item'>\n\t\t\t<div class='gallery-icon landscape'>\n\t\t\t\t<a data-elementor-open-lightbox=\"yes\" data-elementor-lightbox-slideshow=\"2b9101d\" data-elementor-lightbox-title=\"Llangollen \/ Wales (UK) 2006\" data-e-action-hash=\"#elementor-action%3Aaction%3Dlightbox%26settings%3DeyJpZCI6Nzg5LCJ1cmwiOiJodHRwczpcL1wvamFuZS1hbnNhbWJsLmhyXC93cC1jb250ZW50XC91cGxvYWRzXC8yMDIxXC8xMFwvSkFORS1MbGFuZ29sbGVuLTNfMTYwMHgxMjAwLmpwZyIsInNsaWRlc2hvdyI6IjJiOTEwMWQifQ%3D%3D\" href='https:\/\/jane-ansambl.hr\/wp-content\/uploads\/2021\/10\/JANE-Llangollen-3_1600x1200.jpg'><img decoding=\"async\" width=\"150\" height=\"150\" src=\"https:\/\/jane-ansambl.hr\/wp-content\/uploads\/2021\/10\/JANE-Llangollen-3_1600x1200-150x150.jpg\" class=\"attachment-thumbnail size-thumbnail\" alt=\"\" aria-describedby=\"gallery-1-789\" \/><\/a>\n\t\t\t<\/div>\n\t\t\t\t<figcaption class='wp-caption-text gallery-caption' id='gallery-1-789'>\n\t\t\t\tLlangollen \/ Wales (UK)\n\t\t\t\t<\/figcaption><\/figure><figure class='gallery-item'>\n\t\t\t<div class='gallery-icon landscape'>\n\t\t\t\t<a data-elementor-open-lightbox=\"yes\" data-elementor-lightbox-slideshow=\"2b9101d\" data-elementor-lightbox-title=\"Llangollen \/ Wales (UK) 2006\" data-e-action-hash=\"#elementor-action%3Aaction%3Dlightbox%26settings%3DeyJpZCI6NzkwLCJ1cmwiOiJodHRwczpcL1wvamFuZS1hbnNhbWJsLmhyXC93cC1jb250ZW50XC91cGxvYWRzXC8yMDIxXC8xMFwvSkFORS1MbGFuZ29sbGVuXzE2MDB4MTA5Mi5qcGciLCJzbGlkZXNob3ciOiIyYjkxMDFkIn0%3D\" href='https:\/\/jane-ansambl.hr\/wp-content\/uploads\/2021\/10\/JANE-Llangollen_1600x1092.jpg'><img decoding=\"async\" width=\"150\" height=\"150\" src=\"https:\/\/jane-ansambl.hr\/wp-content\/uploads\/2021\/10\/JANE-Llangollen_1600x1092-150x150.jpg\" class=\"attachment-thumbnail size-thumbnail\" alt=\"\" aria-describedby=\"gallery-1-790\" \/><\/a>\n\t\t\t<\/div>\n\t\t\t\t<figcaption class='wp-caption-text gallery-caption' id='gallery-1-790'>\n\t\t\t\tLlangollen \/ Wales (UK)\n\t\t\t\t<\/figcaption><\/figure><figure class='gallery-item'>\n\t\t\t<div class='gallery-icon landscape'>\n\t\t\t\t<a data-elementor-open-lightbox=\"yes\" data-elementor-lightbox-slideshow=\"2b9101d\" data-elementor-lightbox-title=\"Llangollen \/ Wales (UK) 2006\" data-e-action-hash=\"#elementor-action%3Aaction%3Dlightbox%26settings%3DeyJpZCI6MTg0MywidXJsIjoiaHR0cHM6XC9cL2phbmUtYW5zYW1ibC5oclwvd3AtY29udGVudFwvdXBsb2Fkc1wvMjAyMlwvMDNcLzIwMDYtSkFORS1MTEFOR09MTEVOLTItMzAwZHBpLTIwMDZfMTYwMHgxMDk4LmpwZyIsInNsaWRlc2hvdyI6IjJiOTEwMWQifQ%3D%3D\" href='https:\/\/jane-ansambl.hr\/wp-content\/uploads\/2022\/03\/2006-JANE-LLANGOLLEN-2-300dpi-2006_1600x1098.jpg'><img loading=\"lazy\" decoding=\"async\" width=\"150\" height=\"150\" src=\"https:\/\/jane-ansambl.hr\/wp-content\/uploads\/2022\/03\/2006-JANE-LLANGOLLEN-2-300dpi-2006_1600x1098-150x150.jpg\" class=\"attachment-thumbnail size-thumbnail\" alt=\"\" aria-describedby=\"gallery-1-1843\" \/><\/a>\n\t\t\t<\/div>\n\t\t\t\t<figcaption class='wp-caption-text gallery-caption' id='gallery-1-1843'>\n\t\t\t\tLlangollen \/ Wales (UK)\n\t\t\t\t<\/figcaption><\/figure><figure class='gallery-item'>\n\t\t\t<div class='gallery-icon landscape'>\n\t\t\t\t<a data-elementor-open-lightbox=\"yes\" data-elementor-lightbox-slideshow=\"2b9101d\" data-elementor-lightbox-title=\"Llangollen \/ Wales 2006\" data-e-action-hash=\"#elementor-action%3Aaction%3Dlightbox%26settings%3DeyJpZCI6Njc0LCJ1cmwiOiJodHRwczpcL1wvamFuZS1hbnNhbWJsLmhyXC93cC1jb250ZW50XC91cGxvYWRzXC8yMDIxXC8xMFwvSkFORS02XzE2MDB4MTIwMC5qcGciLCJzbGlkZXNob3ciOiIyYjkxMDFkIn0%3D\" href='https:\/\/jane-ansambl.hr\/wp-content\/uploads\/2021\/10\/JANE-6_1600x1200.jpg'><img loading=\"lazy\" decoding=\"async\" width=\"150\" height=\"150\" src=\"https:\/\/jane-ansambl.hr\/wp-content\/uploads\/2021\/10\/JANE-6_1600x1200-150x150.jpg\" class=\"attachment-thumbnail size-thumbnail\" alt=\"\" aria-describedby=\"gallery-1-674\" \/><\/a>\n\t\t\t<\/div>\n\t\t\t\t<figcaption class='wp-caption-text gallery-caption' id='gallery-1-674'>\n\t\t\t\tLlangollen \/ Wales (UK)\n\t\t\t\t<\/figcaption><\/figure><figure class='gallery-item'>\n\t\t\t<div class='gallery-icon landscape'>\n\t\t\t\t<a data-elementor-open-lightbox=\"yes\" data-elementor-lightbox-slideshow=\"2b9101d\" data-elementor-lightbox-title=\"Velika Gorica 2006\" data-e-action-hash=\"#elementor-action%3Aaction%3Dlightbox%26settings%3DeyJpZCI6MTg0OSwidXJsIjoiaHR0cHM6XC9cL2phbmUtYW5zYW1ibC5oclwvd3AtY29udGVudFwvdXBsb2Fkc1wvMjAyMlwvMDNcLzIwMDYtU21vdHJhLVZHLTIwMDZfMTYwMHgxMjAwLmpwZyIsInNsaWRlc2hvdyI6IjJiOTEwMWQifQ%3D%3D\" href='https:\/\/jane-ansambl.hr\/wp-content\/uploads\/2022\/03\/2006-Smotra-VG-2006_1600x1200.jpg'><img loading=\"lazy\" decoding=\"async\" width=\"150\" height=\"150\" src=\"https:\/\/jane-ansambl.hr\/wp-content\/uploads\/2022\/03\/2006-Smotra-VG-2006_1600x1200-150x150.jpg\" class=\"attachment-thumbnail size-thumbnail\" alt=\"\" aria-describedby=\"gallery-1-1849\" \/><\/a>\n\t\t\t<\/div>\n\t\t\t\t<figcaption class='wp-caption-text gallery-caption' id='gallery-1-1849'>\n\t\t\t\tVelika Gorica 2006\n\t\t\t\t<\/figcaption><\/figure><figure class='gallery-item'>\n\t\t\t<div class='gallery-icon landscape'>\n\t\t\t\t<a data-elementor-open-lightbox=\"yes\" data-elementor-lightbox-slideshow=\"2b9101d\" data-elementor-lightbox-title=\"Zagreb 2006\" data-e-action-hash=\"#elementor-action%3Aaction%3Dlightbox%26settings%3DeyJpZCI6MTg1MCwidXJsIjoiaHR0cHM6XC9cL2phbmUtYW5zYW1ibC5oclwvd3AtY29udGVudFwvdXBsb2Fkc1wvMjAyMlwvMDNcLzIwMDYtV2VzdGluLTIwMDZfMTYwMHgxMjAwLmpwZyIsInNsaWRlc2hvdyI6IjJiOTEwMWQifQ%3D%3D\" href='https:\/\/jane-ansambl.hr\/wp-content\/uploads\/2022\/03\/2006-Westin-2006_1600x1200.jpg'><img loading=\"lazy\" decoding=\"async\" width=\"150\" height=\"150\" src=\"https:\/\/jane-ansambl.hr\/wp-content\/uploads\/2022\/03\/2006-Westin-2006_1600x1200-150x150.jpg\" class=\"attachment-thumbnail size-thumbnail\" alt=\"\" aria-describedby=\"gallery-1-1850\" \/><\/a>\n\t\t\t<\/div>\n\t\t\t\t<figcaption class='wp-caption-text gallery-caption' id='gallery-1-1850'>\n\t\t\t\tZagreb 2006\n\t\t\t\t<\/figcaption><\/figure><figure class='gallery-item'>\n\t\t\t<div class='gallery-icon landscape'>\n\t\t\t\t<a data-elementor-open-lightbox=\"yes\" data-elementor-lightbox-slideshow=\"2b9101d\" data-elementor-lightbox-title=\"Velika Gorica 2006\" data-e-action-hash=\"#elementor-action%3Aaction%3Dlightbox%26settings%3DeyJpZCI6MTg0OCwidXJsIjoiaHR0cHM6XC9cL2phbmUtYW5zYW1ibC5oclwvd3AtY29udGVudFwvdXBsb2Fkc1wvMjAyMlwvMDNcLzIwMDYtUE9VVkctMjAwNl8xNjAweDEyMDAuanBnIiwic2xpZGVzaG93IjoiMmI5MTAxZCJ9\" href='https:\/\/jane-ansambl.hr\/wp-content\/uploads\/2022\/03\/2006-POUVG-2006_1600x1200.jpg'><img loading=\"lazy\" decoding=\"async\" width=\"150\" height=\"150\" src=\"https:\/\/jane-ansambl.hr\/wp-content\/uploads\/2022\/03\/2006-POUVG-2006_1600x1200-150x150.jpg\" class=\"attachment-thumbnail size-thumbnail\" alt=\"\" aria-describedby=\"gallery-1-1848\" \/><\/a>\n\t\t\t<\/div>\n\t\t\t\t<figcaption class='wp-caption-text gallery-caption' id='gallery-1-1848'>\n\t\t\t\tVelika Gorica 2006\n\t\t\t\t<\/figcaption><\/figure><figure class='gallery-item'>\n\t\t\t<div class='gallery-icon landscape'>\n\t\t\t\t<a data-elementor-open-lightbox=\"yes\" data-elementor-lightbox-slideshow=\"2b9101d\" data-elementor-lightbox-title=\"Zagreb 2006\" data-e-action-hash=\"#elementor-action%3Aaction%3Dlightbox%26settings%3DeyJpZCI6MTg0NSwidXJsIjoiaHR0cHM6XC9cL2phbmUtYW5zYW1ibC5oclwvd3AtY29udGVudFwvdXBsb2Fkc1wvMjAyMlwvMDNcLzIwMDYtS2VyZW1wdWgtMjAwNl8xNjAweDEyMDAuanBnIiwic2xpZGVzaG93IjoiMmI5MTAxZCJ9\" href='https:\/\/jane-ansambl.hr\/wp-content\/uploads\/2022\/03\/2006-Kerempuh-2006_1600x1200.jpg'><img loading=\"lazy\" decoding=\"async\" width=\"150\" height=\"150\" src=\"https:\/\/jane-ansambl.hr\/wp-content\/uploads\/2022\/03\/2006-Kerempuh-2006_1600x1200-150x150.jpg\" class=\"attachment-thumbnail size-thumbnail\" alt=\"\" aria-describedby=\"gallery-1-1845\" \/><\/a>\n\t\t\t<\/div>\n\t\t\t\t<figcaption class='wp-caption-text gallery-caption' id='gallery-1-1845'>\n\t\t\t\tZagreb 2006\n\t\t\t\t<\/figcaption><\/figure><figure class='gallery-item'>\n\t\t\t<div class='gallery-icon landscape'>\n\t\t\t\t<a data-elementor-open-lightbox=\"yes\" data-elementor-lightbox-slideshow=\"2b9101d\" data-elementor-lightbox-title=\"Velika Gorica 2006\" data-e-action-hash=\"#elementor-action%3Aaction%3Dlightbox%26settings%3DeyJpZCI6MTg0MCwidXJsIjoiaHR0cHM6XC9cL2phbmUtYW5zYW1ibC5oclwvd3AtY29udGVudFwvdXBsb2Fkc1wvMjAyMlwvMDNcLzIwMDYtRG9tLWt1bHR1cmUtVkctMjAwNl8xNjAweDEyMDAuanBnIiwic2xpZGVzaG93IjoiMmI5MTAxZCJ9\" href='https:\/\/jane-ansambl.hr\/wp-content\/uploads\/2022\/03\/2006-Dom-kulture-VG-2006_1600x1200.jpg'><img loading=\"lazy\" decoding=\"async\" width=\"150\" height=\"150\" src=\"https:\/\/jane-ansambl.hr\/wp-content\/uploads\/2022\/03\/2006-Dom-kulture-VG-2006_1600x1200-150x150.jpg\" class=\"attachment-thumbnail size-thumbnail\" alt=\"\" aria-describedby=\"gallery-1-1840\" \/><\/a>\n\t\t\t<\/div>\n\t\t\t\t<figcaption class='wp-caption-text gallery-caption' id='gallery-1-1840'>\n\t\t\t\tVelika Gorica 2006\n\t\t\t\t<\/figcaption><\/figure><figure class='gallery-item'>\n\t\t\t<div class='gallery-icon landscape'>\n\t\t\t\t<a data-elementor-open-lightbox=\"yes\" data-elementor-lightbox-slideshow=\"2b9101d\" data-elementor-lightbox-title=\"Godi\u0161nji koncert 2006\" data-e-action-hash=\"#elementor-action%3Aaction%3Dlightbox%26settings%3DeyJpZCI6MTg0MiwidXJsIjoiaHR0cHM6XC9cL2phbmUtYW5zYW1ibC5oclwvd3AtY29udGVudFwvdXBsb2Fkc1wvMjAyMlwvMDNcLzIwMDYtR29kaXNuamktMjAwNl8xNjAweDEwNzQuanBnIiwic2xpZGVzaG93IjoiMmI5MTAxZCJ9\" href='https:\/\/jane-ansambl.hr\/wp-content\/uploads\/2022\/03\/2006-Godisnji-2006_1600x1074.jpg'><img loading=\"lazy\" decoding=\"async\" width=\"150\" height=\"150\" src=\"https:\/\/jane-ansambl.hr\/wp-content\/uploads\/2022\/03\/2006-Godisnji-2006_1600x1074-150x150.jpg\" class=\"attachment-thumbnail size-thumbnail\" alt=\"\" aria-describedby=\"gallery-1-1842\" \/><\/a>\n\t\t\t<\/div>\n\t\t\t\t<figcaption class='wp-caption-text gallery-caption' id='gallery-1-1842'>\n\t\t\t\tGodi\u0161nji koncert 2006\n\t\t\t\t<\/figcaption><\/figure><figure class='gallery-item'>\n\t\t\t<div class='gallery-icon landscape'>\n\t\t\t\t<a data-elementor-open-lightbox=\"yes\" data-elementor-lightbox-slideshow=\"2b9101d\" data-elementor-lightbox-title=\"Godi\u0161nji koncert 2006\" data-e-action-hash=\"#elementor-action%3Aaction%3Dlightbox%26settings%3DeyJpZCI6MTg0MSwidXJsIjoiaHR0cHM6XC9cL2phbmUtYW5zYW1ibC5oclwvd3AtY29udGVudFwvdXBsb2Fkc1wvMjAyMlwvMDNcLzIwMDYtR29kaXNuamktMjAwNi0yXzE2MDB4MTA3NC5qcGciLCJzbGlkZXNob3ciOiIyYjkxMDFkIn0%3D\" href='https:\/\/jane-ansambl.hr\/wp-content\/uploads\/2022\/03\/2006-Godisnji-2006-2_1600x1074.jpg'><img loading=\"lazy\" decoding=\"async\" width=\"150\" height=\"150\" src=\"https:\/\/jane-ansambl.hr\/wp-content\/uploads\/2022\/03\/2006-Godisnji-2006-2_1600x1074-150x150.jpg\" class=\"attachment-thumbnail size-thumbnail\" alt=\"\" aria-describedby=\"gallery-1-1841\" \/><\/a>\n\t\t\t<\/div>\n\t\t\t\t<figcaption class='wp-caption-text gallery-caption' id='gallery-1-1841'>\n\t\t\t\tGodi\u0161nji koncert 2006\n\t\t\t\t<\/figcaption><\/figure><figure class='gallery-item'>\n\t\t\t<div class='gallery-icon landscape'>\n\t\t\t\t<a data-elementor-open-lightbox=\"yes\" data-elementor-lightbox-slideshow=\"2b9101d\" data-elementor-lightbox-title=\"Godi\u0161nji koncert 2006\" data-e-action-hash=\"#elementor-action%3Aaction%3Dlightbox%26settings%3DeyJpZCI6NjcwLCJ1cmwiOiJodHRwczpcL1wvamFuZS1hbnNhbWJsLmhyXC93cC1jb250ZW50XC91cGxvYWRzXC8yMDIxXC8xMFwvSkFORS0yXzE2MDB4MTA2NC5qcGciLCJzbGlkZXNob3ciOiIyYjkxMDFkIn0%3D\" href='https:\/\/jane-ansambl.hr\/wp-content\/uploads\/2021\/10\/JANE-2_1600x1064.jpg'><img loading=\"lazy\" decoding=\"async\" width=\"150\" height=\"150\" src=\"https:\/\/jane-ansambl.hr\/wp-content\/uploads\/2021\/10\/JANE-2_1600x1064-150x150.jpg\" class=\"attachment-thumbnail size-thumbnail\" alt=\"\" aria-describedby=\"gallery-1-670\" \/><\/a>\n\t\t\t<\/div>\n\t\t\t\t<figcaption class='wp-caption-text gallery-caption' id='gallery-1-670'>\n\t\t\t\tGodi\u0161nji koncert 2006\n\t\t\t\t<\/figcaption><\/figure><figure class='gallery-item'>\n\t\t\t<div class='gallery-icon landscape'>\n\t\t\t\t<a data-elementor-open-lightbox=\"yes\" data-elementor-lightbox-slideshow=\"2b9101d\" data-elementor-lightbox-title=\"Zagreb 2006\" data-e-action-hash=\"#elementor-action%3Aaction%3Dlightbox%26settings%3DeyJpZCI6MTg0NCwidXJsIjoiaHR0cHM6XC9cL2phbmUtYW5zYW1ibC5oclwvd3AtY29udGVudFwvdXBsb2Fkc1wvMjAyMlwvMDNcLzIwMDYtS2VyZW1wdWgtMjAwNl8yXzE2MDB4MTIwMC5qcGciLCJzbGlkZXNob3ciOiIyYjkxMDFkIn0%3D\" href='https:\/\/jane-ansambl.hr\/wp-content\/uploads\/2022\/03\/2006-Kerempuh-2006_2_1600x1200.jpg'><img loading=\"lazy\" decoding=\"async\" width=\"150\" height=\"150\" src=\"https:\/\/jane-ansambl.hr\/wp-content\/uploads\/2022\/03\/2006-Kerempuh-2006_2_1600x1200-150x150.jpg\" class=\"attachment-thumbnail size-thumbnail\" alt=\"\" aria-describedby=\"gallery-1-1844\" \/><\/a>\n\t\t\t<\/div>\n\t\t\t\t<figcaption class='wp-caption-text gallery-caption' id='gallery-1-1844'>\n\t\t\t\tZagreb 2006\n\t\t\t\t<\/figcaption><\/figure>\n\t\t<\/div>\n\t\t<\/div>\n\t\t\t\t\t\t<\/div>\n\t\t\t\t<\/div>\n\t\t\t\t\t<\/div>\n\t\t<\/div>\n\t\t\t\t\t<\/div>\n\t\t<\/section>\n\t\t\t\t<\/div>","protected":false},"excerpt":{"rendered":"<p>Llangollen \/ Wales (UK) Llangollen \/ Wales (UK) Llangollen \/ Wales (UK) Llangollen \/ Wales (UK) Llangollen \/ Wales (UK) Velika Gorica 2006 Zagreb 2006 Velika Gorica 2006 Zagreb 2006 Velika Gorica 2006 Godi\u0161nji koncert 2006 Godi\u0161nji koncert 2006 Godi\u0161nji koncert 2006 Zagreb 2006<\/p>","protected":false},"author":1,"featured_media":0,"parent":0,"menu_order":0,"comment_status":"closed","ping_status":"closed","template":"","meta":{"site-sidebar-layout":"no-sidebar","site-content-layout":"page-builder","ast-site-content-layout":"default","site-content-style":"default","site-sidebar-style":"default","ast-global-header-display":"","ast-banner-title-visibility":"","ast-main-header-display":"","ast-hfb-above-header-display":"","ast-hfb-below-header-display":"","ast-hfb-mobile-header-display":"","site-post-title":"disabled","ast-breadcrumbs-content":"","ast-featured-img":"disabled","footer-sml-layout":"","ast-disable-related-posts":"","theme-transparent-header-meta":"","adv-header-id-meta":"","stick-header-meta":"","header-above-stick-meta":"","header-main-stick-meta":"","header-below-stick-meta":"","astra-migrate-meta-layouts":"default","ast-page-background-enabled":"default","ast-page-background-meta":{"desktop":{"background-color":"","background-image":"","background-repeat":"repeat","background-position":"center center","background-size":"auto","background-attachment":"scroll","background-type":"","background-media":"","overlay-type":"","overlay-color":"","overlay-opacity":"","overlay-gradient":""},"tablet":{"background-color":"","background-image":"","background-repeat":"repeat","background-position":"center center","background-size":"auto","background-attachment":"scroll","background-type":"","background-media":"","overlay-type":"","overlay-color":"","overlay-opacity":"","overlay-gradient":""},"mobile":{"background-color":"","background-image":"","background-repeat":"repeat","background-position":"center center","background-size":"auto","background-attachment":"scroll","background-type":"","background-media":"","overlay-type":"","overlay-color":"","overlay-opacity":"","overlay-gradient":""}},"ast-content-background-meta":{"desktop":{"background-color":"var(--ast-global-color-5)","background-image":"","background-repeat":"repeat","background-position":"center center","background-size":"auto","background-attachment":"scroll","background-type":"","background-media":"","overlay-type":"","overlay-color":"","overlay-opacity":"","overlay-gradient":""},"tablet":{"background-color":"var(--ast-global-color-5)","background-image":"","background-repeat":"repeat","background-position":"center center","background-size":"auto","background-attachment":"scroll","background-type":"","background-media":"","overlay-type":"","overlay-color":"","overlay-opacity":"","overlay-gradient":""},"mobile":{"background-color":"var(--ast-global-color-5)","background-image":"","background-repeat":"repeat","background-position":"center center","background-size":"auto","background-attachment":"scroll","background-type":"","background-media":"","overlay-type":"","overlay-color":"","overlay-opacity":"","overlay-gradient":""}},"footnotes":""},"class_list":["post-1410","page","type-page","status-publish","hentry"],"_links":{"self":[{"href":"https:\/\/jane-ansambl.hr\/en\/wp-json\/wp\/v2\/pages\/1410","targetHints":{"allow":["GET"]}}],"collection":[{"href":"https:\/\/jane-ansambl.hr\/en\/wp-json\/wp\/v2\/pages"}],"about":[{"href":"https:\/\/jane-ansambl.hr\/en\/wp-json\/wp\/v2\/types\/page"}],"author":[{"embeddable":true,"href":"https:\/\/jane-ansambl.hr\/en\/wp-json\/wp\/v2\/users\/1"}],"replies":[{"embeddable":true,"href":"https:\/\/jane-ansambl.hr\/en\/wp-json\/wp\/v2\/comments?post=1410"}],"version-history":[{"count":28,"href":"https:\/\/jane-ansambl.hr\/en\/wp-json\/wp\/v2\/pages\/1410\/revisions"}],"predecessor-version":[{"id":2003,"href":"https:\/\/jane-ansambl.hr\/en\/wp-json\/wp\/v2\/pages\/1410\/revisions\/2003"}],"wp:attachment":[{"href":"https:\/\/jane-ansambl.hr\/en\/wp-json\/wp\/v2\/media?parent=1410"}],"curies":[{"name":"wp","href":"https:\/\/api.w.org\/{rel}","templated":true}]}}